{"id":143949,"date":"2024-07-04T11:32:11","date_gmt":"2024-07-04T09:32:11","guid":{"rendered":"https:\/\/rosadeiventibroker.it\/yacht\/senza-categoria\/mangusta-108-king-ii\/"},"modified":"2024-11-27T12:59:22","modified_gmt":"2024-11-27T11:59:22","slug":"mangusta-108-king-ii","status":"publish","type":"product","link":"https:\/\/rosadeiventibroker.it\/it\/yacht\/non-categorizzato\/mangusta-108-king-ii\/","title":{"rendered":"Mangusta 108 King II"},"content":{"rendered":"","protected":false},"excerpt":{"rendered":"<p>Mangusta 108 di 33,48 metri \u00e8 uno dei modelli di maggior successo della gamma open di Overmarine Mangusta. Questo grande yacht a motore offre alti livelli di lusso in un pacchetto desiderabilmente sportivo e ad alte prestazioni.<\/p>\n<p>Lanciato nel 2004, questo MANGUSTA 108 \u00e8 in vendita ed \u00e8 mantenuto secondo gli standard pi\u00f9 elevati e, a seguito di un completo refitting nel 2017\/2018\/2023, viene offerto chiavi in mano.<\/p>\n<p>I lavori recenti hanno incluso nuovi tappeti e tappezzerie interne, una riverniciatura totale e un aggiornamento completo dell&#8217;elettronica di bordo, compreso il sistema di intrattenimento audio dello yacht.<\/p>\n","protected":false},"featured_media":143263,"comment_status":"open","ping_status":"closed","template":"","meta":[],"product_cat":[172],"product_tag":[],"_links":{"self":[{"href":"https:\/\/rosadeiventibroker.it\/it\/wp-json\/wp\/v2\/product\/143949"}],"collection":[{"href":"https:\/\/rosadeiventibroker.it\/it\/wp-json\/wp\/v2\/product"}],"about":[{"href":"https:\/\/rosadeiventibroker.it\/it\/wp-json\/wp\/v2\/types\/product"}],"replies":[{"embeddable":true,"href":"https:\/\/rosadeiventibroker.it\/it\/wp-json\/wp\/v2\/comments?post=143949"}],"wp:featuredmedia":[{"embeddable":true,"href":"https:\/\/rosadeiventibroker.it\/it\/wp-json\/wp\/v2\/media\/143263"}],"wp:attachment":[{"href":"https:\/\/rosadeiventibroker.it\/it\/wp-json\/wp\/v2\/media?parent=143949"}],"wp:term":[{"taxonomy":"product_cat","embeddable":true,"href":"https:\/\/rosadeiventibroker.it\/it\/wp-json\/wp\/v2\/product_cat?post=143949"},{"taxonomy":"product_tag","embeddable":true,"href":"https:\/\/rosadeiventibroker.it\/it\/wp-json\/wp\/v2\/product_tag?post=143949"}],"curies":[{"name":"wp","href":"https:\/\/api.w.org\/{rel}","templated":true}]}}